{"id":2112,"date":"2020-07-15T15:44:05","date_gmt":"2020-07-15T13:44:05","guid":{"rendered":"https:\/\/relaunch.pfeifer-langen.pl\/?page_id=2112"},"modified":"2020-07-18T14:52:21","modified_gmt":"2020-07-18T12:52:21","slug":"2112-2","status":"publish","type":"page","link":"https:\/\/www.pfeifer-langen.pl\/en\/company\/2112-2\/","title":{"rendered":""},"content":{"rendered":"<p><div class=\"fusion-fullwidth fullwidth-box fusion-builder-row-1 hundred-percent-fullwidth non-hundred-percent-height-scrolling\" style=\"--awb-background-position:center top;--awb-border-radius-top-left:0px;--awb-border-radius-top-right:0px;--awb-border-radius-bottom-right:0px;--awb-border-radius-bottom-left:0px;--awb-flex-wrap:wrap;\" ><div class=\"fusion-builder-row fusion-row\"><div class=\"fusion-layout-column fusion_builder_column fusion-builder-column-0 fusion_builder_column_1_1 1_1 fusion-one-full fusion-column-first fusion-column-last\" style=\"--awb-bg-image:url(&#039;https:\/\/www.pfeifer-langen.pl\/wp-content\/uploads\/baner-firma-1.jpg&#039;);--awb-bg-position:center center;--awb-bg-size:cover;\"><div class=\"fusion-column-wrapper fusion-column-has-shadow fusion-flex-column-wrapper-legacy fusion-empty-column-bg-image fusion-column-has-bg-image\" data-bg-url=\"https:\/\/www.pfeifer-langen.pl\/wp-content\/uploads\/baner-firma-1.jpg\"><img class=\"fusion-empty-dims-img-placeholder\" src=\"data:image\/svg+xml,%3Csvg%20xmlns%3D%27http%3A%2F%2Fwww.w3.org%2F2000%2Fsvg%27%20width%3D%271440%27%20height%3D%27600%27%20viewBox%3D%270%200%201440%20600%27%3E%3Crect%20width%3D%271440%27%20height%3D%27600%27%20fill-opacity%3D%220%22%2F%3E%3C%2Fsvg%3E\"><div class=\"fusion-clearfix\"><\/div><\/div><\/div><div class=\"fusion-layout-column fusion_builder_column fusion-builder-column-1 fusion_builder_column_1_1 1_1 fusion-one-full fusion-column-first fusion-column-last\" style=\"--awb-bg-color:rgba(255,255,255,0);--awb-bg-color-hover:rgba(255,255,255,0);--awb-bg-size:cover;--awb-margin-bottom:0px;\"><div class=\"fusion-column-wrapper fusion-flex-column-wrapper-legacy\"><div class=\"fusion-text fusion-text-1 bait\"><h1 class=\"heading heading--medium-large\"><span class=\"overline\">FIRMA<\/span> <span class=\"headline\">150 lat tradycji i do\u015bwiadczenia.<\/span><\/h1>\n<p class=\"bait-copy\">Pfeifer &amp; Langen Polska S.A. z siedzib\u0105 w Poznaniu to jeden z najwi\u0119kszych producent\u00f3w cukru w Polsce.<\/p>\n<\/div><div class=\"fusion-clearfix\"><\/div><\/div><\/div><\/div><\/div><div class=\"fusion-fullwidth fullwidth-box fusion-builder-row-2 nonhundred-percent-fullwidth non-hundred-percent-height-scrolling\" style=\"--awb-border-radius-top-left:0px;--awb-border-radius-top-right:0px;--awb-border-radius-bottom-right:0px;--awb-border-radius-bottom-left:0px;--awb-flex-wrap:wrap;\" ><div class=\"fusion-builder-row fusion-row\"><div class=\"fusion-layout-column fusion_builder_column fusion-builder-column-2 fusion_builder_column_1_1 1_1 fusion-one-full fusion-column-first fusion-column-last\" style=\"--awb-bg-size:cover;\"><div class=\"fusion-column-wrapper fusion-column-has-shadow fusion-flex-column-wrapper-legacy\"><div class=\"fusion-text fusion-text-2\"><h2>Sp\u00f3\u0142ki<\/h2>\n<h3>Pfeifer &amp; Langen Marketing Sp. z o.o.<\/h3>\n<p>ul. Mickiewicza 35, 60-837 Pozna\u0144<br \/>\nS\u0105d Rejonowy Pozna\u0144 &#8211; Nowe Miasto i Wilda w Poznaniu,<br \/>\nVIII Wydzia\u0142 Gospodarczy Krajowego Rejestru S\u0105dowego,<br \/>\nKRS 0000149431<br \/>\nNIP: 778-11-18-503<br \/>\nKapita\u0142 zak\u0142adowy: 10.000.000,00 z\u0142<\/p>\n<h3>Pfeifer &amp; Langen Polska S.A.<\/h3>\n<p>ul. Mickiewicza 35, 60-837 Pozna\u0144<br \/>\nS\u0105d Rejonowy Pozna\u0144 &#8211; Nowe Miasto i Wilda w Poznaniu,<br \/>\nVIII Wydzia\u0142 Gospodarczy Krajowego Rejestru S\u0105dowego,<br \/>\nKRS 0000080986<br \/>\nNIP 784-00-03-412<br \/>\nKapita\u0142 zak\u0142adowy: 96 713 526,40 z\u0142 z\u0142 (kapita\u0142 wp\u0142acony w ca\u0142o\u015bci)<\/p>\n<\/div><div class=\"fusion-clearfix\"><\/div><\/div><\/div><\/div><\/div><\/p>\n","protected":false},"excerpt":{"rendered":"","protected":false},"author":4,"featured_media":0,"parent":364,"menu_order":40,"comment_status":"closed","ping_status":"closed","template":"","meta":{"inline_featured_image":false,"footnotes":""},"_links":{"self":[{"href":"https:\/\/www.pfeifer-langen.pl\/en\/wp-json\/wp\/v2\/pages\/2112"}],"collection":[{"href":"https:\/\/www.pfeifer-langen.pl\/en\/wp-json\/wp\/v2\/pages"}],"about":[{"href":"https:\/\/www.pfeifer-langen.pl\/en\/wp-json\/wp\/v2\/types\/page"}],"author":[{"embeddable":true,"href":"https:\/\/www.pfeifer-langen.pl\/en\/wp-json\/wp\/v2\/users\/4"}],"replies":[{"embeddable":true,"href":"https:\/\/www.pfeifer-langen.pl\/en\/wp-json\/wp\/v2\/comments?post=2112"}],"version-history":[{"count":1,"href":"https:\/\/www.pfeifer-langen.pl\/en\/wp-json\/wp\/v2\/pages\/2112\/revisions"}],"predecessor-version":[{"id":2113,"href":"https:\/\/www.pfeifer-langen.pl\/en\/wp-json\/wp\/v2\/pages\/2112\/revisions\/2113"}],"up":[{"embeddable":true,"href":"https:\/\/www.pfeifer-langen.pl\/en\/wp-json\/wp\/v2\/pages\/364"}],"wp:attachment":[{"href":"https:\/\/www.pfeifer-langen.pl\/en\/wp-json\/wp\/v2\/media?parent=2112"}],"curies":[{"name":"wp","href":"https:\/\/api.w.org\/{rel}","templated":true}]}}