{"id":4323,"date":"2020-08-13T09:41:15","date_gmt":"2020-08-13T07:41:15","guid":{"rendered":"https:\/\/www.pfeifer-langen.pl\/produkty\/%c2%b7-produkty-cukry-brazowe\/"},"modified":"2023-03-08T13:14:13","modified_gmt":"2023-03-08T12:14:13","slug":"%c2%b7-produkty-cukry-brazowe","status":"publish","type":"page","link":"https:\/\/www.pfeifer-langen.pl\/uk\/%d0%bf%d1%80%d0%be%d0%b4%d1%83%d0%ba%d1%86%d1%96%d1%8f\/%c2%b7-produkty-cukry-brazowe\/","title":{"rendered":"\u00b7 Produkty: Cukry br\u0105zowe"},"content":{"rendered":"<p><div class=\"fusion-fullwidth fullwidth-box fusion-builder-row-1 hundred-percent-fullwidth non-hundred-percent-height-scrolling\" style=\"--awb-background-position:center top;--awb-border-radius-top-left:0px;--awb-border-radius-top-right:0px;--awb-border-radius-bottom-right:0px;--awb-border-radius-bottom-left:0px;--awb-flex-wrap:wrap;\" ><div class=\"fusion-builder-row fusion-row\"><div class=\"fusion-layout-column fusion_builder_column fusion-builder-column-0 fusion_builder_column_1_1 1_1 fusion-one-full fusion-column-first fusion-column-last\" style=\"--awb-bg-image:url(&#039;https:\/\/www.pfeifer-langen.pl\/wp-content\/uploads\/produkte-invertzuckersirupe.jpg&#039;);--awb-bg-position:center center;--awb-bg-size:cover;\"><div class=\"fusion-column-wrapper fusion-column-has-shadow fusion-flex-column-wrapper-legacy fusion-empty-column-bg-image fusion-column-has-bg-image\" data-bg-url=\"https:\/\/www.pfeifer-langen.pl\/wp-content\/uploads\/produkte-invertzuckersirupe.jpg\"><img class=\"fusion-empty-dims-img-placeholder\" src=\"data:image\/svg+xml,%3Csvg%20xmlns%3D%27http%3A%2F%2Fwww.w3.org%2F2000%2Fsvg%27%20width%3D%271440%27%20height%3D%27600%27%20viewBox%3D%270%200%201440%20600%27%3E%3Crect%20width%3D%271440%27%20height%3D%27600%27%20fill-opacity%3D%220%22%2F%3E%3C%2Fsvg%3E\"><div class=\"fusion-clearfix\"><\/div><\/div><\/div><div class=\"fusion-layout-column fusion_builder_column fusion-builder-column-1 fusion_builder_column_1_1 1_1 fusion-one-full fusion-column-first fusion-column-last\" style=\"--awb-bg-color:rgba(255,255,255,0);--awb-bg-color-hover:rgba(255,255,255,0);--awb-bg-size:cover;--awb-margin-bottom:0px;\"><div class=\"fusion-column-wrapper fusion-flex-column-wrapper-legacy\"><div class=\"fusion-text fusion-text-1 bait\"><h1 class=\"heading heading--medium-large\"><span class=\"overline\">PRODUKTY<\/span> <span class=\"headline\">Cukry br\u0105zowe<\/span><\/h1>\n<\/div><div class=\"fusion-clearfix\"><\/div><\/div><\/div><\/div><\/div><div class=\"fusion-fullwidth fullwidth-box fusion-builder-row-2 nonhundred-percent-fullwidth non-hundred-percent-height-scrolling\" style=\"--awb-border-radius-top-left:0px;--awb-border-radius-top-right:0px;--awb-border-radius-bottom-right:0px;--awb-border-radius-bottom-left:0px;--awb-background-color:rgba(255,255,255,0);--awb-flex-wrap:wrap;\" ><div class=\"fusion-builder-row fusion-row\"><div class=\"fusion-layout-column fusion_builder_column fusion-builder-column-2 fusion_builder_column_1_1 1_1 fusion-one-full fusion-column-first fusion-column-last\" style=\"--awb-bg-size:cover;\"><div class=\"fusion-column-wrapper fusion-flex-column-wrapper-legacy\"><div class=\"fusion-text fusion-text-2\"><h2>INFORMACJE OG\u00d3LNE:<\/h2>\n<p>Cukry br\u0105zowe dzi\u0119ki swojej br\u0105zowo-z\u0142otej barwie \u015bwietnie nadaj\u0105 si\u0119 dla producent\u00f3w poszukuj\u0105cych nowych, ciekawych smak\u00f3w.<\/p>\n<h2>PRODUKTY I ZASTOSOWANIA:<\/h2>\n<h3>DIAMANT Cukier br\u0105zowy<\/h3>\n<p>DIAMANT Cukier br\u0105zowy to cukier z aromatyczn\u0105 nut\u0105 karmelu. Nadaje tradycyjnym wyrobom np. piernikom, ciastkom czy p\u0142atkom \u015bniadaniowym nowego, ciekawego smaku. B\u0142yszcz\u0105ce kryszta\u0142ki cukru to r\u00f3wnie\u017c efektowny, \u015bwietlisto-br\u0105zowy dodatek dekoracyjny. Produkt nie zawiera sztucznych barwnik\u00f3w i konserwant\u00f3w.<\/p>\n<p><strong>Rekomendowany do: <\/strong>piernik\u00f3w, ciastek, jogurt\u00f3w<\/p>\n<p><strong>Dostarczany:<\/strong> w workach papierowych 25kg<\/p>\n<h3>DIAMANT Cukier Kandyz kruszony<\/h3>\n<p>DIAMANT Cukier Kandyz kruszony to r\u00f3\u017cnorodne pokruszone br\u0105zowe kryszta\u0142y o delikatnym karmelowym smaku i aromacie. Polecany do pieczenia i ozdabiania wypiek\u00f3w oraz jako chrupi\u0105cy dodatek do p\u0142atk\u00f3w \u015bniadaniowych, owocowych sa\u0142atek, deser\u00f3w i lod\u00f3w. Przeznaczony r\u00f3wnie\u017c do s\u0142odzenia kawy i innych gor\u0105cych napoj\u00f3w. Produkt nie zawiera barwnik\u00f3w i konserwant\u00f3w.<\/p>\n<p><strong>Rekomendowany do: <\/strong>pieczenia i ozdabiania wypiek\u00f3w, jako chrupi\u0105cy dodatek do p\u0142atk\u00f3w \u015bniadaniowych, owocowych sa\u0142atek, deser\u00f3w i lod\u00f3w<\/p>\n<p><strong>Dostarczany: <\/strong>w workach papierowych 25kg<\/p>\n<h3>DIAMANT Cukier Kandisfarin<\/h3>\n<p>DIAMANT Cukier Kandisfarin cukier krystaliczny o barwie br\u0105zowej, \u0142atwo rozpuszczaj\u0105cy si\u0119, aromatyczny, s\u0142odki i karmelowy. Dedykowany jest szczeg\u00f3lnie do produkcji ciastek oraz wykorzystywany w bran\u017cy HoReCa. Jego intensywna barwa oraz smak nadaje produktom niepowtarzalno\u015b\u0107. Otrzymywany na linii produkcji syrop\u00f3w karmelowych zachowuje pe\u0142n\u0105 naturalno\u015b\u0107.<\/p>\n<p><strong>Rekomendowany do: <\/strong>produkcji ciastek, bran\u017cy HoReCa<\/p>\n<p><strong>Dostarczany: <\/strong>w workach papierowych 25kg, w opakowaniach typu Big Bag 750kg<\/p>\n<\/div><div class=\"fusion-clearfix\"><\/div><\/div><\/div><\/div><\/div><\/p>\n","protected":false},"excerpt":{"rendered":"","protected":false},"author":8,"featured_media":0,"parent":4272,"menu_order":15,"comment_status":"closed","ping_status":"closed","template":"","meta":{"inline_featured_image":false,"footnotes":""},"_links":{"self":[{"href":"https:\/\/www.pfeifer-langen.pl\/uk\/wp-json\/wp\/v2\/pages\/4323"}],"collection":[{"href":"https:\/\/www.pfeifer-langen.pl\/uk\/wp-json\/wp\/v2\/pages"}],"about":[{"href":"https:\/\/www.pfeifer-langen.pl\/uk\/wp-json\/wp\/v2\/types\/page"}],"author":[{"embeddable":true,"href":"https:\/\/www.pfeifer-langen.pl\/uk\/wp-json\/wp\/v2\/users\/8"}],"replies":[{"embeddable":true,"href":"https:\/\/www.pfeifer-langen.pl\/uk\/wp-json\/wp\/v2\/comments?post=4323"}],"version-history":[{"count":1,"href":"https:\/\/www.pfeifer-langen.pl\/uk\/wp-json\/wp\/v2\/pages\/4323\/revisions"}],"predecessor-version":[{"id":4324,"href":"https:\/\/www.pfeifer-langen.pl\/uk\/wp-json\/wp\/v2\/pages\/4323\/revisions\/4324"}],"up":[{"embeddable":true,"href":"https:\/\/www.pfeifer-langen.pl\/uk\/wp-json\/wp\/v2\/pages\/4272"}],"wp:attachment":[{"href":"https:\/\/www.pfeifer-langen.pl\/uk\/wp-json\/wp\/v2\/media?parent=4323"}],"curies":[{"name":"wp","href":"https:\/\/api.w.org\/{rel}","templated":true}]}}